{"id":28,"date":"2018-05-16T01:24:39","date_gmt":"2018-05-15T23:24:39","guid":{"rendered":"https:\/\/staging.sql.marcus-belz.de\/?page_id=28"},"modified":"2026-05-07T16:26:23","modified_gmt":"2026-05-07T14:26:23","slug":"impressum","status":"publish","type":"page","link":"https:\/\/staging.sql.marcus-belz.de\/?page_id=28","title":{"rendered":"impressum"},"content":{"rendered":"\n<p>Stand: 2026-05-07<\/p>\n\n\n\n<p><strong>1. Angaben gem\u00e4\u00df \u00a7 5 DDG<\/strong><\/p>\n\n\n\n<p>Marcus Belz<br>Rheintalbahnstra\u00dfe 17<br>68753 Wagh\u00e4usel<br>Deutschland<\/p>\n\n\n\n<p><strong>2. Kontakt<\/strong><\/p>\n\n\n\n<p>Telefon: +49 1577 3456535<br>E-Mail: marcus.belz@gmx.de<\/p>\n\n\n\n<p><strong>3. Verantwortlich f\u00fcr den Inhalt nach \u00a7 18 Abs. 2 MStV<\/strong><\/p>\n\n\n\n<p>Marcus Belz<br>Rheintalbahnstra\u00dfe 17<br>68753 Wagh\u00e4usel<\/p>\n\n\n\n<p><strong>4. Haftung f\u00fcr Inhalte<\/strong><\/p>\n\n\n\n<p>Als Diensteanbieter sind wir gem\u00e4\u00df \u00a7 7 Abs. 1 DDG f\u00fcr eigene Inhalte auf diesen Seiten nach den allgemeinen Gesetzen verantwortlich. Nach \u00a7\u00a7 8 bis 10 DDG sind wir als Diensteanbieter jedoch nicht verpflichtet, \u00fcbermittelte oder gespeicherte fremde Informationen zu \u00fcberwachen oder nach Umst\u00e4nden zu forschen, die auf eine rechtswidrige T\u00e4tigkeit hinweisen.<\/p>\n\n\n\n<p>Verpflichtungen zur Entfernung oder Sperrung der Nutzung von Informationen nach den allgemeinen Gesetzen bleiben hiervon unber\u00fchrt. Eine diesbez\u00fcgliche Haftung ist jedoch erst ab dem Zeitpunkt der Kenntnis einer konkreten Rechtsverletzung m\u00f6glich. Bei Bekanntwerden von entsprechenden Rechtsverletzungen werden wir diese Inhalte umgehend entfernen.<\/p>\n\n\n\n<p><strong>5. Haftung f\u00fcr Links<\/strong><\/p>\n\n\n\n<p>Unser Angebot enth\u00e4lt Links zu externen Websites Dritter, auf deren Inhalte wir keinen Einfluss haben. Deshalb k\u00f6nnen wir f\u00fcr diese fremden Inhalte auch keine Gew\u00e4hr \u00fcbernehmen. F\u00fcr die Inhalte der verlinkten Seiten ist stets der jeweilige Anbieter oder Betreiber der Seiten verantwortlich. Die verlinkten Seiten wurden zum Zeitpunkt der Verlinkung auf m\u00f6gliche Rechtsverst\u00f6\u00dfe \u00fcberpr\u00fcft. Rechtswidrige Inhalte waren zum Zeitpunkt der Verlinkung nicht erkennbar.<\/p>\n\n\n\n<p>Eine permanente inhaltliche Kontrolle der verlinkten Seiten ist jedoch ohne konkrete Anhaltspunkte einer Rechtsverletzung nicht zumutbar. Bei Bekanntwerden von Rechtsverletzungen werden wir derartige Links umgehend entfernen.<\/p>\n\n\n\n<p><strong>6. Urheberrecht<\/strong><\/p>\n\n\n\n<p>Die durch den Seitenbetreiber erstellten Inhalte und Werke auf diesen Seiten unterliegen dem deutschen Urheberrecht. Die Vervielf\u00e4ltigung, Bearbeitung, Verbreitung und jede Art der Verwertung au\u00dferhalb der Grenzen des Urheberrechtes bed\u00fcrfen der schriftlichen Zustimmung des jeweiligen Autors bzw. Erstellers. Downloads und Kopien dieser Seite sind nur f\u00fcr den privaten, nicht kommerziellen Gebrauch gestattet.<\/p>\n\n\n\n<p>Soweit die Inhalte auf dieser Seite nicht vom Betreiber erstellt wurden, werden die Urheberrechte Dritter beachtet. Insbesondere werden Inhalte Dritter als solche gekennzeichnet. Sollten Sie trotzdem auf eine Urheberrechtsverletzung aufmerksam werden, bitten wir um einen entsprechenden Hinweis. Bei Bekanntwerden von Rechtsverletzungen werden wir derartige Inhalte umgehend entfernen.<\/p>\n\n\n\n<p><strong>7. EU-Streitschlichtung<\/strong><\/p>\n\n\n\n<p>Die Europ\u00e4ische Kommission stellt eine Plattform zur Online-Streitbeilegung (OS) bereit: &lt;https:\/\/ec.europa.eu\/consumers\/odr\/&gt;.<\/p>\n\n\n\n<p>Unsere E-Mail-Adresse finden Sie oben im Impressum.<\/p>\n\n\n\n<p><strong>8. Verbraucherstreitbeilegung \/ Universalschlichtungsstelle<\/strong><\/p>\n\n\n\n<p>Wir sind nicht bereit oder verpflichtet, an Streitbeilegungsverfahren vor einer Verbraucherschlichtungsstelle teilzunehmen.<\/p>\n\n\n\n<p><\/p>\n","protected":false},"excerpt":{"rendered":"<p>Stand: 2026-05-07 1. Angaben gem\u00e4\u00df \u00a7 5 DDG Marcus BelzRheintalbahnstra\u00dfe 1768753 Wagh\u00e4uselDeutschland 2. Kontakt Telefon: +49 1577 3456535E-Mail: marcus.belz@gmx.de 3. Verantwortlich f\u00fcr den Inhalt nach \u00a7 18 Abs. 2 MStV Marcus BelzRheintalbahnstra\u00dfe 1768753 Wagh\u00e4usel 4. Haftung f\u00fcr Inhalte Als Diensteanbieter sind wir gem\u00e4\u00df \u00a7 7 Abs. 1 DDG f\u00fcr eigene Inhalte auf diesen Seiten nach &#8230; <a title=\"impressum\" class=\"read-more\" href=\"https:\/\/staging.sql.marcus-belz.de\/?page_id=28\" aria-label=\"Mehr Informationen \u00fcber impressum\">Weiterlesen<\/a><\/p>\n","protected":false},"author":1,"featured_media":0,"parent":0,"menu_order":0,"comment_status":"closed","ping_status":"closed","template":"","meta":{"footnotes":""},"class_list":["post-28","page","type-page","status-publish"],"yoast_head":"<!-- This site is optimized with the Yoast SEO plugin v27.4 - https:\/\/yoast.com\/product\/yoast-seo-wordpress\/ -->\n<title>impressum - Just another SQL blog<\/title>\n<meta name=\"robots\" content=\"index, follow, max-snippet:-1, max-image-preview:large, max-video-preview:-1\" \/>\n<link rel=\"canonical\" href=\"https:\/\/staging.sql.marcus-belz.de\/?page_id=28\" \/>\n<meta property=\"og:locale\" content=\"de_DE\" \/>\n<meta property=\"og:type\" content=\"article\" \/>\n<meta property=\"og:title\" content=\"impressum - Just another SQL blog\" \/>\n<meta property=\"og:description\" content=\"Stand: 2026-05-07 1. Angaben gem\u00e4\u00df \u00a7 5 DDG Marcus BelzRheintalbahnstra\u00dfe 1768753 Wagh\u00e4uselDeutschland 2. Kontakt Telefon: +49 1577 3456535E-Mail: marcus.belz@gmx.de 3. Verantwortlich f\u00fcr den Inhalt nach \u00a7 18 Abs. 2 MStV Marcus BelzRheintalbahnstra\u00dfe 1768753 Wagh\u00e4usel 4. Haftung f\u00fcr Inhalte Als Diensteanbieter sind wir gem\u00e4\u00df \u00a7 7 Abs. 1 DDG f\u00fcr eigene Inhalte auf diesen Seiten nach ... Weiterlesen\" \/>\n<meta property=\"og:url\" content=\"https:\/\/staging.sql.marcus-belz.de\/?page_id=28\" \/>\n<meta property=\"og:site_name\" content=\"Just another SQL blog\" \/>\n<meta property=\"article:modified_time\" content=\"2026-05-07T14:26:23+00:00\" \/>\n<meta property=\"og:image\" content=\"https:\/\/staging.sql.marcus-belz.de\/wp-content\/uploads\/2018\/05\/microsoft.symbol.haus_-150x150.gif\" \/>\n<meta name=\"twitter:card\" content=\"summary_large_image\" \/>\n<meta name=\"twitter:label1\" content=\"Gesch\u00e4tzte Lesezeit\" \/>\n\t<meta name=\"twitter:data1\" content=\"2\u00a0Minuten\" \/>\n<script type=\"application\/ld+json\" class=\"yoast-schema-graph\">{\"@context\":\"https:\\\/\\\/schema.org\",\"@graph\":[{\"@type\":\"WebPage\",\"@id\":\"https:\\\/\\\/staging.sql.marcus-belz.de\\\/?page_id=28\",\"url\":\"https:\\\/\\\/staging.sql.marcus-belz.de\\\/?page_id=28\",\"name\":\"impressum - Just another SQL blog\",\"isPartOf\":{\"@id\":\"https:\\\/\\\/staging.sql.marcus-belz.de\\\/#website\"},\"datePublished\":\"2018-05-15T23:24:39+00:00\",\"dateModified\":\"2026-05-07T14:26:23+00:00\",\"breadcrumb\":{\"@id\":\"https:\\\/\\\/staging.sql.marcus-belz.de\\\/?page_id=28#breadcrumb\"},\"inLanguage\":\"de\",\"potentialAction\":[{\"@type\":\"ReadAction\",\"target\":[\"https:\\\/\\\/staging.sql.marcus-belz.de\\\/?page_id=28\"]}]},{\"@type\":\"BreadcrumbList\",\"@id\":\"https:\\\/\\\/staging.sql.marcus-belz.de\\\/?page_id=28#breadcrumb\",\"itemListElement\":[{\"@type\":\"ListItem\",\"position\":1,\"name\":\"Home\",\"item\":\"https:\\\/\\\/staging.sql.marcus-belz.de\\\/\"},{\"@type\":\"ListItem\",\"position\":2,\"name\":\"impressum\"}]},{\"@type\":\"WebSite\",\"@id\":\"https:\\\/\\\/staging.sql.marcus-belz.de\\\/#website\",\"url\":\"https:\\\/\\\/staging.sql.marcus-belz.de\\\/\",\"name\":\"Just another SQL blog\",\"description\":\"Marcus Belz \u00b7 SQL Server \u00b7 ETL \u00b7 Datenqualit\u00e4t\",\"potentialAction\":[{\"@type\":\"SearchAction\",\"target\":{\"@type\":\"EntryPoint\",\"urlTemplate\":\"https:\\\/\\\/staging.sql.marcus-belz.de\\\/?s={search_term_string}\"},\"query-input\":{\"@type\":\"PropertyValueSpecification\",\"valueRequired\":true,\"valueName\":\"search_term_string\"}}],\"inLanguage\":\"de\"}]}<\/script>\n<!-- \/ Yoast SEO plugin. -->","yoast_head_json":{"title":"impressum - Just another SQL blog","robots":{"index":"index","follow":"follow","max-snippet":"max-snippet:-1","max-image-preview":"max-image-preview:large","max-video-preview":"max-video-preview:-1"},"canonical":"https:\/\/staging.sql.marcus-belz.de\/?page_id=28","og_locale":"de_DE","og_type":"article","og_title":"impressum - Just another SQL blog","og_description":"Stand: 2026-05-07 1. Angaben gem\u00e4\u00df \u00a7 5 DDG Marcus BelzRheintalbahnstra\u00dfe 1768753 Wagh\u00e4uselDeutschland 2. Kontakt Telefon: +49 1577 3456535E-Mail: marcus.belz@gmx.de 3. Verantwortlich f\u00fcr den Inhalt nach \u00a7 18 Abs. 2 MStV Marcus BelzRheintalbahnstra\u00dfe 1768753 Wagh\u00e4usel 4. Haftung f\u00fcr Inhalte Als Diensteanbieter sind wir gem\u00e4\u00df \u00a7 7 Abs. 1 DDG f\u00fcr eigene Inhalte auf diesen Seiten nach ... Weiterlesen","og_url":"https:\/\/staging.sql.marcus-belz.de\/?page_id=28","og_site_name":"Just another SQL blog","article_modified_time":"2026-05-07T14:26:23+00:00","og_image":[{"url":"https:\/\/staging.sql.marcus-belz.de\/wp-content\/uploads\/2018\/05\/microsoft.symbol.haus_-150x150.gif","type":"","width":"","height":""}],"twitter_card":"summary_large_image","twitter_misc":{"Gesch\u00e4tzte Lesezeit":"2\u00a0Minuten"},"schema":{"@context":"https:\/\/schema.org","@graph":[{"@type":"WebPage","@id":"https:\/\/staging.sql.marcus-belz.de\/?page_id=28","url":"https:\/\/staging.sql.marcus-belz.de\/?page_id=28","name":"impressum - Just another SQL blog","isPartOf":{"@id":"https:\/\/staging.sql.marcus-belz.de\/#website"},"datePublished":"2018-05-15T23:24:39+00:00","dateModified":"2026-05-07T14:26:23+00:00","breadcrumb":{"@id":"https:\/\/staging.sql.marcus-belz.de\/?page_id=28#breadcrumb"},"inLanguage":"de","potentialAction":[{"@type":"ReadAction","target":["https:\/\/staging.sql.marcus-belz.de\/?page_id=28"]}]},{"@type":"BreadcrumbList","@id":"https:\/\/staging.sql.marcus-belz.de\/?page_id=28#breadcrumb","itemListElement":[{"@type":"ListItem","position":1,"name":"Home","item":"https:\/\/staging.sql.marcus-belz.de\/"},{"@type":"ListItem","position":2,"name":"impressum"}]},{"@type":"WebSite","@id":"https:\/\/staging.sql.marcus-belz.de\/#website","url":"https:\/\/staging.sql.marcus-belz.de\/","name":"Just another SQL blog","description":"Marcus Belz \u00b7 SQL Server \u00b7 ETL \u00b7 Datenqualit\u00e4t","potentialAction":[{"@type":"SearchAction","target":{"@type":"EntryPoint","urlTemplate":"https:\/\/staging.sql.marcus-belz.de\/?s={search_term_string}"},"query-input":{"@type":"PropertyValueSpecification","valueRequired":true,"valueName":"search_term_string"}}],"inLanguage":"de"}]}},"_links":{"self":[{"href":"https:\/\/staging.sql.marcus-belz.de\/index.php?rest_route=\/wp\/v2\/pages\/28","targetHints":{"allow":["GET"]}}],"collection":[{"href":"https:\/\/staging.sql.marcus-belz.de\/index.php?rest_route=\/wp\/v2\/pages"}],"about":[{"href":"https:\/\/staging.sql.marcus-belz.de\/index.php?rest_route=\/wp\/v2\/types\/page"}],"author":[{"embeddable":true,"href":"https:\/\/staging.sql.marcus-belz.de\/index.php?rest_route=\/wp\/v2\/users\/1"}],"replies":[{"embeddable":true,"href":"https:\/\/staging.sql.marcus-belz.de\/index.php?rest_route=%2Fwp%2Fv2%2Fcomments&post=28"}],"version-history":[{"count":18,"href":"https:\/\/staging.sql.marcus-belz.de\/index.php?rest_route=\/wp\/v2\/pages\/28\/revisions"}],"predecessor-version":[{"id":1887,"href":"https:\/\/staging.sql.marcus-belz.de\/index.php?rest_route=\/wp\/v2\/pages\/28\/revisions\/1887"}],"wp:attachment":[{"href":"https:\/\/staging.sql.marcus-belz.de\/index.php?rest_route=%2Fwp%2Fv2%2Fmedia&parent=28"}],"curies":[{"name":"wp","href":"https:\/\/api.w.org\/{rel}","templated":true}]}}